{"id":861,"date":"2021-12-23T23:23:46","date_gmt":"2021-12-24T04:23:46","guid":{"rendered":"http:\/\/cdrxvipuno.org.pe\/?page_id=861"},"modified":"2026-03-25T17:59:55","modified_gmt":"2026-03-25T22:59:55","slug":"requisitos-para-colegiatura","status":"publish","type":"page","link":"https:\/\/cdrxvipuno.org.pe\/?page_id=861","title":{"rendered":"Requisitos&nbsp;colegiatura"},"content":{"rendered":"\n<h2 class=\"wp-block-heading has-text-align-center\" id=\"costo-total-de-la-colegiatura-s-1380-00\">Costo de colegiatura: S\/1 700.00<\/h2>\n\n\n\n<div class=\"wp-block-columns is-layout-flex wp-container-2 wp-block-columns-is-layout-flex\">\n<div class=\"wp-block-column is-layout-flow wp-block-column-is-layout-flow\" style=\"flex-basis:100%\">\n<ul>\n<li>Solicitud para incorporaci\u00f3n al Colegio de Psic\u00f3logos del Per\u00fa, dirigida al Decano (a) Nacional del Colegio de Psic\u00f3logos del Per\u00fa <strong><mark style=\"background-color:rgba(0, 0, 0, 0)\" class=\"has-inline-color has-black-color\">(<\/mark><a rel=\"noreferrer noopener\" href=\"https:\/\/cdrxvipuno.org.pe\/wp-content\/uploads\/2025\/07\/CPsP_CDN_solicitud_colegiatura-20251.pdf\" data-type=\"attachment\" data-id=\"2222\" target=\"_blank\">Descargar formato<\/a>).<\/strong><\/li>\n\n\n\n<li>Declaraci\u00f3n jurada de datos debidamente llenada.<strong> (<a rel=\"noreferrer noopener\" href=\"https:\/\/cdrxvipuno.org.pe\/wp-content\/uploads\/2025\/07\/CPsP_CDN_ficha_de_colegiatura-2025-2.pdf\" data-type=\"attachment\" data-id=\"2208\" target=\"_blank\">Descargar formato<\/a>)<\/strong> (pegar una fotograf\u00eda donde corresponde , tama\u00f1o pasaporte en fondo blanco; varones con terno y corbata, damas con sastre. Las fotos deben ser tomadas sin lentes.)<\/li>\n\n\n\n<li>Copia simple del T\u00edtulo profesional registrado en la SUNEDU.<\/li>\n\n\n\n<li>Copia simple del documento nacional de identidad DNI (a colores)<\/li>\n\n\n\n<li>Certificado de antecedentes penales (validez de 3 meses).<\/li>\n\n\n\n<li>Formato \u00danico de Plantilla del Colegiado &#8211; FUP <strong>(<a rel=\"noreferrer noopener\" href=\"https:\/\/cdrxvipuno.org.pe\/wp-content\/uploads\/2025\/07\/CPsP_CDN_formato_carnet-2025-3.pdf\" data-type=\"attachment\" data-id=\"2209\" target=\"_blank\">Descargar formato<\/a>) <\/strong>(pegar una fotograf\u00eda donde corresponde , tama\u00f1o pasaporte en fondo blanco; varones con terno y corbata, damas con sastre. Las fotos deben ser tomadas sin lentes.)<\/li>\n\n\n\n<li>Comprobante de pago &#8211; BBVA (\u00fanicamente los pagos  lo puede realizar en la misma entidad bancaria, NO se acepta transferencias o pago en agente)<\/li>\n<\/ul>\n<\/div>\n<\/div>\n\n\n\n<figure class=\"wp-block-table\"><table><tbody><tr><td class=\"has-text-align-center\" data-align=\"center\"><strong><span style=\"background-color:rgba(0, 0, 0, 0)\" class=\"has-inline-color has-vivid-red-color\">MONTO<\/span><\/strong><\/td><td class=\"has-text-align-center\" data-align=\"center\"> <strong><mark style=\"background-color:rgba(0, 0, 0, 0)\" class=\"has-inline-color has-vivid-red-color\"><strong><mark style=\"background-color:rgba(0, 0, 0, 0)\" class=\"has-inline-color has-vivid-red-color\">PAGO AL CONSEJO<\/mark><\/strong><br><strong><mark style=\"background-color:rgba(0, 0, 0, 0)\" class=\"has-inline-color has-vivid-red-color\"> DIRECTIVO NACIONAL<\/mark><\/strong> <\/mark><\/strong> <\/td><td class=\"has-text-align-left\" data-align=\"left\"><strong><mark style=\"background-color:rgba(0, 0, 0, 0)\" class=\"has-inline-color has-vivid-red-color\">PAGO POR RECAUDO BBVA <em>(Bienestar social)<\/em><\/mark><\/strong><\/td><\/tr><tr><td class=\"has-text-align-center\" data-align=\"center\"><strong>S\/ 33.00<\/strong><\/td><td class=\"has-text-align-center\" data-align=\"center\"><strong>RAZ\u00d3N SOCIAL:<\/strong><br>  COLEGIO DE PSICOLOGOS PER\u00da<\/td><td class=\"has-text-align-left\" data-align=\"left\"><strong>&#8211; NOMBRE DE RECAUDO:<\/strong> CPSP Fondo Mutual<br><strong>&#8211; C\u00d3DIGO DE RECAUDO:<\/strong> 13251<br><strong>&#8211; CONSIGNAR EN REFERENCIA:<\/strong> DNI Y NOMBRE COMPLETO del psic\u00f3logo(a) a colegiarse<\/td><\/tr><\/tbody><\/table><figcaption class=\"wp-element-caption\"> <strong>IMPORTANTE: SOLICITE SU BOLETA ELECTR\u00d3NICA ENVIANDO SU VAUCHER DE PAGO AL SIGUIENTE CORREO: <\/strong><br>            &#8211;  PARA: <strong>tesoreria_cdn@cpsp.pe <br><\/strong>            &#8211;  ASUNTO: PAGO DE COLEGIATURA (ENVIAR NOMBRE COMPLETO Y DNI).<br>            &#8211;  Adjuntar foto o escaneado de v\u00e1ucher correspondiente. <br>             <em> <strong>(SER\u00c1N ENVIADAS EN UN PLAZO DE <\/strong><\/em><strong><em>5 D\u00cdAS H\u00c1BILES)<\/em><\/strong><br><br><\/figcaption><\/figure>\n\n\n\n<figure class=\"wp-block-table\"><table><tbody><tr><td class=\"has-text-align-center\" data-align=\"center\"> <strong><span style=\"background-color:rgba(0, 0, 0, 0)\" class=\"has-inline-color has-vivid-red-color\">MONTO<\/span><\/strong>  <\/td><td class=\"has-text-align-center\" data-align=\"center\"><strong><mark style=\"background-color:rgba(0, 0, 0, 0)\" class=\"has-inline-color has-vivid-red-color\">PAGO AL CONSEJO<br> DIRECTIVO REGIONAL XVI PUNO<\/mark><\/strong><\/td><td class=\"has-text-align-left\" data-align=\"left\"><strong><mark style=\"background-color:rgba(0, 0, 0, 0)\" class=\"has-inline-color has-vivid-red-color\">PAGO A CUENTA BBVA <\/mark><\/strong><strong><mark style=\"background-color:rgba(0, 0, 0, 0)\" class=\"has-inline-color has-vivid-red-color\"><em>(Derecho de colegiatura)<\/em><\/mark><\/strong><\/td><\/tr><tr><td class=\"has-text-align-center\" data-align=\"center\"><strong>S\/ <\/strong><br> <strong>1 155.00<\/strong><\/td><td class=\"has-text-align-center\" data-align=\"center\"><strong>CUENTA A NOMBRE DE: <\/strong><br>Decana Bertha E. Hualpa Bendez\u00fa <br>y Consejera de Econom\u00eda <br>Cintia Mar\u00eda Alarc\u00f3n S\u00e1nchez<\/td><td class=\"has-text-align-left\" data-align=\"left\"><strong>&#8211;<\/strong> <strong>N\u00daMERO DE CUENTA:<\/strong> <br>        0011 &#8211; 0229 &#8211; 0201099612 <br><strong>&#8211;<\/strong> <strong><strong>CONSIGNAR EN REFERENCIA<\/strong>:<\/strong> DNI Y NOMBRE <br>COMPLETO del psic\u00f3logo(a) a colegiarse<\/td><\/tr><\/tbody><\/table><figcaption class=\"wp-element-caption\"> <strong>IMPORTANTE:<\/strong> <strong>SOLICITE SU BOLETA ELECTR\u00d3NICA ENVIANDO SU VAUCHER DE PAGO AL SIGUIENTE CORREO:<\/strong><br>             &#8211;  PARA: <strong>admcdrxvi@gmail.com<br><\/strong>             &#8211;  ASUNTO: SOLICITO BOLETA ELECTR\u00d3NICA (ENVIAR NOMBRE COMPLETO Y DNI).<br>             &#8211;  Adjuntar foto o escaneado de v\u00e1ucher correspondiente.<br>            <em><strong>(SER\u00c1N ENVIADAS EN UN PLAZO DE 5 D\u00cdAS H\u00c1BILES)<\/strong><\/em><br><br><\/figcaption><\/figure>\n\n\n\n<figure class=\"wp-block-table is-style-regular\"><table><tbody><tr><td class=\"has-text-align-center\" data-align=\"center\"><strong><span style=\"background-color:rgba(0, 0, 0, 0)\" class=\"has-inline-color has-vivid-red-color\">MONTO<\/span><\/strong><\/td><td class=\"has-text-align-center\" data-align=\"center\"><strong><mark style=\"background-color:rgba(0, 0, 0, 0)\" class=\"has-inline-color has-vivid-red-color\">PAGO AL CONSEJO<\/mark><\/strong><br><strong><mark style=\"background-color:rgba(0, 0, 0, 0)\" class=\"has-inline-color has-vivid-red-color\"> DIRECTIVO NACIONAL <\/mark><\/strong> <\/td><td class=\"has-text-align-left\" data-align=\"left\"><strong><mark style=\"background-color:rgba(0, 0, 0, 0)\" class=\"has-inline-color has-vivid-red-color\">PAGO POR RECAUDO BBVA<\/mark><\/strong><mark style=\"background-color:rgba(0, 0, 0, 0)\" class=\"has-inline-color has-vivid-red-color\"><em> (Derechos de colegiatura)<\/em><\/mark><\/td><\/tr><tr><td class=\"has-text-align-center\" data-align=\"center\"><strong>S\/ 462.00<\/strong><\/td><td class=\"has-text-align-center\" data-align=\"center\"><strong>RAZ\u00d3N SOCIAL:<\/strong><br>  COLEGIO DE PSICOLOGOS PER\u00da<\/td><td class=\"has-text-align-left\" data-align=\"left\">&#8211; <strong>NOMBRE DE RECAUDO: <\/strong>CPSP Derechos Varios<br>&#8211; <strong>C\u00d3DIGO DE RECAUDO:<\/strong> 13252<br>&#8211; <strong><strong>CONSIGNAR EN REFERENCIA<\/strong>:<\/strong> DNI Y NOMBRE COMPLETO del psic\u00f3logo(a) a colegiarse <\/td><\/tr><\/tbody><\/table><figcaption class=\"wp-element-caption\"> <strong>IMPORTANTE:<\/strong> <strong>SOLICITE SU BOLETA ELECTR\u00d3NICA ENVIANDO SU VAUCHER DE PAGO AL SIGUIENTE CORREO: <\/strong><br>            &#8211;  PARA: <strong>tesoreria_cdn@cpsp.pe<\/strong> <br>            &#8211;  ASUNTO: PAGO DE COLEGIATURA (ENVIAR NOMBRE COMPLETO Y DNI).<br>            &#8211;  Adjuntar foto o escaneado de v\u00e1ucher correspondiente.<br>         <strong><em>     (SER\u00c1N ENVIADAS EN UN PLAZO DE 5 D\u00cdAS H\u00c1BILES)<\/em><\/strong><br><br>         <strong><em>     <\/em><\/strong><\/figcaption><\/figure>\n\n\n\n<div class=\"wp-block-group is-layout-constrained wp-block-group-is-layout-constrained\"><div class=\"wp-block-group__inner-container\">\n<figure class=\"wp-block-table\"><table><tbody><tr><td class=\"has-text-align-center\" data-align=\"center\"><strong><span class=\"has-inline-color has-vivid-red-color\">MONTO<\/span><\/strong><\/td><td class=\"has-text-align-center\" data-align=\"center\"><strong><mark style=\"background-color:rgba(0, 0, 0, 0)\" class=\"has-inline-color has-vivid-red-color\">APORTE EXTRAORDINARIO AL CDN<\/mark><\/strong><\/td><td class=\"has-text-align-left\" data-align=\"left\"><strong><span style=\"background-color:rgba(0, 0, 0, 0)\" class=\"has-inline-color has-vivid-red-color\">PAGO POR RECAUDO BB<\/span><\/strong><mark style=\"background-color:rgba(0, 0, 0, 0)\" class=\"has-inline-color has-vivid-red-color\"><strong>VA<\/strong> (Cuota <em>Extraordinaria para el fondo intangible de adquisici\u00f3n de inmuebles<\/em>)<\/mark><\/td><\/tr><tr><td class=\"has-text-align-center\" data-align=\"center\"><strong>S\/ 50.00<\/strong><\/td><td class=\"has-text-align-center\" data-align=\"center\"><strong>RAZ\u00d3N SOCIAL:<\/strong><br>  COLEGIO DE PSICOLOGOS PER\u00da<\/td><td class=\"has-text-align-left\" data-align=\"left\"><strong>&#8211; NOMBRE DE RECAUDO:<\/strong> CPSP Fondo Mutual<br><strong>&#8211; C\u00d3DIGO DE RECAUDO:<\/strong> 13251<br><strong>&#8211; <strong>CONSIGNAR EN REFERENCIA<\/strong>:<\/strong> DNI Y NOMBRE COMPLETO del psic\u00f3logo(a) a colegiarse<\/td><\/tr><\/tbody><\/table><figcaption class=\"wp-element-caption\"><strong>IMPORTANTE:<\/strong> <strong>SOLICITE SU BOLETA ELECTR\u00d3NICA ENVIANDO SU VAUCHER DE PAGO AL SIGUIENTE CORREO:<br>            <\/strong>&#8211;  PARA:<strong> <strong>tesoreria_cdn@cpsp.pe <br><\/strong>            <\/strong>&#8211;  ASUNTO:<strong> <\/strong>PAGO DE COLEGIATURA (ENVIAR NOMBRE COMPLETO Y DNI).<br>            &#8211;  Adjuntar foto o escaneado de v\u00e1ucher correspondiente.<br>            <em>   <strong>(SER\u00c1N ENVIADAS EN UN PLAZO DE 5 D\u00cdAS H\u00c1BILE<\/strong><\/em><strong><em>S)<\/em><\/strong><br><br><\/figcaption><\/figure>\n<\/div><\/div>\n\n\n\n<div class=\"wp-block-group is-layout-constrained wp-block-group-is-layout-constrained\"><div class=\"wp-block-group__inner-container\">\n<p><em><strong><mark style=\"background-color:rgba(0, 0, 0, 0);color:#141313\" class=\"has-inline-color\">En el caso de psic\u00f3logos titulados en una universidad extranjera, se debe previamente realizar la revalidaci\u00f3n o convalidaci\u00f3n del t\u00edtulo, conforme a las disposiciones legales pertinentes<\/mark><\/strong><\/em>.<\/p>\n\n\n\n<p><\/p>\n<\/div><\/div>\n\n\n\n<blockquote class=\"wp-block-quote is-style-plain\">\n<div class=\"wp-block-group is-layout-constrained wp-block-group-is-layout-constrained\"><div class=\"wp-block-group__inner-container\">\n<div class=\"wp-block-group is-vertical is-layout-flex wp-container-5 wp-block-group-is-layout-flex\">\n<p><strong>NOTA: Enviar todos los requisitos en un solo archivo PDF escaneado correctamente al siguiente correo electr\u00f3nico (NO SE ACEPTA INCOMPLETO):<\/strong>  <\/p>\n\n\n\n<ul>\n<li><em>PARA: <strong>mesadepartes@cdrxvipuno.org.pe<\/strong>   <\/em><\/li>\n\n\n\n<li><em>ASUNTO: <strong>NOMBRES Y APELLIDOS DEL PSICOLOGO(A)<\/strong><\/em><\/li>\n<\/ul>\n<\/div>\n<\/div><\/div>\n<\/blockquote>\n","protected":false},"excerpt":{"rendered":"<p>Costo de colegiatura: S\/1 700.00 MONTO PAGO AL CONSEJO DIRECTIVO NACIONAL PAGO POR RECAUDO BBVA (Bienestar social) S\/ 33.00 RAZ\u00d3N SOCIAL: COLEGIO DE PSICOLOGOS PER\u00da &#8211; NOMBRE DE RECAUDO: CPSP Fondo Mutual&#8211; C\u00d3DIGO DE RECAUDO: 13251&#8211; CONSIGNAR EN REFERENCIA: DNI Y NOMBREDale que hay m\u00e1s &#8230;<\/p>\n","protected":false},"author":1,"featured_media":0,"parent":0,"menu_order":0,"comment_status":"closed","ping_status":"closed","template":"","meta":{"footnotes":"[]"},"_links":{"self":[{"href":"https:\/\/cdrxvipuno.org.pe\/index.php?rest_route=\/wp\/v2\/pages\/861"}],"collection":[{"href":"https:\/\/cdrxvipuno.org.pe\/index.php?rest_route=\/wp\/v2\/pages"}],"about":[{"href":"https:\/\/cdrxvipuno.org.pe\/index.php?rest_route=\/wp\/v2\/types\/page"}],"author":[{"embeddable":true,"href":"https:\/\/cdrxvipuno.org.pe\/index.php?rest_route=\/wp\/v2\/users\/1"}],"replies":[{"embeddable":true,"href":"https:\/\/cdrxvipuno.org.pe\/index.php?rest_route=%2Fwp%2Fv2%2Fcomments&post=861"}],"version-history":[{"count":109,"href":"https:\/\/cdrxvipuno.org.pe\/index.php?rest_route=\/wp\/v2\/pages\/861\/revisions"}],"predecessor-version":[{"id":2298,"href":"https:\/\/cdrxvipuno.org.pe\/index.php?rest_route=\/wp\/v2\/pages\/861\/revisions\/2298"}],"wp:attachment":[{"href":"https:\/\/cdrxvipuno.org.pe\/index.php?rest_route=%2Fwp%2Fv2%2Fmedia&parent=861"}],"curies":[{"name":"wp","href":"https:\/\/api.w.org\/{rel}","templated":true}]}}