{"id":681,"date":"2021-12-23T00:21:42","date_gmt":"2021-12-23T05:21:42","guid":{"rendered":"http:\/\/cdrxvipuno.org.pe\/?page_id=681"},"modified":"2025-05-06T11:52:02","modified_gmt":"2025-05-06T16:52:02","slug":"dr-cesar-vargas-uribe","status":"publish","type":"page","link":"https:\/\/cdrxvipuno.org.pe\/?page_id=681","title":{"rendered":"Ps. Cintia Mar\u00eda Alarc\u00f3n S\u00e1nchez"},"content":{"rendered":"","protected":false},"excerpt":{"rendered":"","protected":false},"author":1,"featured_media":0,"parent":0,"menu_order":0,"comment_status":"closed","ping_status":"closed","template":"","meta":{"footnotes":""},"_links":{"self":[{"href":"https:\/\/cdrxvipuno.org.pe\/index.php?rest_route=\/wp\/v2\/pages\/681"}],"collection":[{"href":"https:\/\/cdrxvipuno.org.pe\/index.php?rest_route=\/wp\/v2\/pages"}],"about":[{"href":"https:\/\/cdrxvipuno.org.pe\/index.php?rest_route=\/wp\/v2\/types\/page"}],"author":[{"embeddable":true,"href":"https:\/\/cdrxvipuno.org.pe\/index.php?rest_route=\/wp\/v2\/users\/1"}],"replies":[{"embeddable":true,"href":"https:\/\/cdrxvipuno.org.pe\/index.php?rest_route=%2Fwp%2Fv2%2Fcomments&post=681"}],"version-history":[{"count":5,"href":"https:\/\/cdrxvipuno.org.pe\/index.php?rest_route=\/wp\/v2\/pages\/681\/revisions"}],"predecessor-version":[{"id":2182,"href":"https:\/\/cdrxvipuno.org.pe\/index.php?rest_route=\/wp\/v2\/pages\/681\/revisions\/2182"}],"wp:attachment":[{"href":"https:\/\/cdrxvipuno.org.pe\/index.php?rest_route=%2Fwp%2Fv2%2Fmedia&parent=681"}],"curies":[{"name":"wp","href":"https:\/\/api.w.org\/{rel}","templated":true}]}}