{"id":2051,"date":"2024-08-22T08:51:55","date_gmt":"2024-08-22T13:51:55","guid":{"rendered":"https:\/\/cdrxvipuno.org.pe\/?page_id=2051"},"modified":"2024-08-22T08:58:49","modified_gmt":"2024-08-22T13:58:49","slug":"%f0%9d%9f%ad%f0%9d%97%b2%f0%9d%97%bf-%f0%9d%97%96%f0%9d%97%bc%f0%9d%97%bb%f0%9d%97%b4%f0%9d%97%bf%f0%9d%97%b2%f0%9d%98%80%f0%9d%97%bc-%f0%9d%97%9c%f0%9d%97%bb%f0%9d%98%81%f0%9d%97%b2%f0%9d%97%bf","status":"publish","type":"page","link":"https:\/\/cdrxvipuno.org.pe\/?page_id=2051","title":{"rendered":"\ud835\udfed\ud835\uddf2\ud835\uddff \ud835\uddd6\ud835\uddfc\ud835\uddfb\ud835\uddf4\ud835\uddff\ud835\uddf2\ud835\ude00\ud835\uddfc \ud835\udddc\ud835\uddfb\ud835\ude01\ud835\uddf2\ud835\uddff\ud835\uddfb\ud835\uddee\ud835\uddf0\ud835\uddf6\ud835\uddfc\ud835\uddfb\ud835\uddee\ud835\uddf9 \ud835\uddf1\ud835\uddf2 \ud835\udde3\ud835\ude00\ud835\uddf6\ud835\uddf0\ud835\uddfc\ud835\uddf9\ud835\uddfc\ud835\uddf4\u00ed\ud835\uddee \ud835\uddf1\ud835\uddf2 \ud835\uddf9\ud835\uddee \ud835\udde6\ud835\uddee\ud835\uddf9\ud835\ude02\ud835\uddf1 \ud835\ude06 \ud835\uddd6\ud835\uddfc\ud835\uddfa\ud835\ude02\ud835\uddfb\ud835\uddf6\ud835\ude01\ud835\uddee\ud835\uddff\ud835\uddf6a"},"content":{"rendered":"\n<figure class=\"wp-block-image size-large\"><img decoding=\"async\" loading=\"lazy\" width=\"724\" height=\"1024\" src=\"https:\/\/cdrxvipuno.org.pe\/wp-content\/uploads\/2024\/08\/454837774_1032289348902958_6046471169240532622_n-724x1024.jpg\" alt=\"\" class=\"wp-image-2049\" srcset=\"https:\/\/cdrxvipuno.org.pe\/wp-content\/uploads\/2024\/08\/454837774_1032289348902958_6046471169240532622_n-724x1024.jpg 724w, https:\/\/cdrxvipuno.org.pe\/wp-content\/uploads\/2024\/08\/454837774_1032289348902958_6046471169240532622_n-212x300.jpg 212w, https:\/\/cdrxvipuno.org.pe\/wp-content\/uploads\/2024\/08\/454837774_1032289348902958_6046471169240532622_n-768x1086.jpg 768w, https:\/\/cdrxvipuno.org.pe\/wp-content\/uploads\/2024\/08\/454837774_1032289348902958_6046471169240532622_n-1086x1536.jpg 1086w, https:\/\/cdrxvipuno.org.pe\/wp-content\/uploads\/2024\/08\/454837774_1032289348902958_6046471169240532622_n.jpg 1414w\" sizes=\"(max-width: 724px) 100vw, 724px\" \/><\/figure>\n\n\n\n<p><img decoding=\"async\" loading=\"lazy\" height=\"16\" width=\"16\" alt=\"\ud83d\udccc\" src=\"https:\/\/static.xx.fbcdn.net\/images\/emoji.php\/v9\/tac\/1\/16\/1f4cc.png\"> \u00a1Asegura tu inscripci\u00f3n<img decoding=\"async\" loading=\"lazy\" height=\"16\" width=\"16\" alt=\"\ud83d\udcb2\" src=\"https:\/\/static.xx.fbcdn.net\/images\/emoji.php\/v9\/t5c\/1\/16\/1f4b2.png\"> al \ud835\udfed\ud835\uddf2\ud835\uddff \ud835\uddd6\ud835\uddfc\ud835\uddfb\ud835\uddf4\ud835\uddff\ud835\uddf2\ud835\ude00\ud835\uddfc \ud835\udddc\ud835\uddfb\ud835\ude01\ud835\uddf2\ud835\uddff\ud835\uddfb\ud835\uddee\ud835\uddf0\ud835\uddf6\ud835\uddfc\ud835\uddfb\ud835\uddee\ud835\uddf9 \ud835\uddf1\ud835\uddf2 \ud835\udde3\ud835\ude00\ud835\uddf6\ud835\uddf0\ud835\uddfc\ud835\uddf9\ud835\uddfc\ud835\uddf4\u00ed\ud835\uddee \ud835\uddf1\ud835\uddf2 \ud835\uddf9\ud835\uddee \ud835\udde6\ud835\uddee\ud835\uddf9\ud835\ude02\ud835\uddf1 \ud835\ude06 \ud835\uddd6\ud835\uddfc\ud835\uddfa\ud835\ude02\ud835\uddfb\ud835\uddf6\ud835\ude01\ud835\uddee\ud835\uddff\ud835\uddf6\ud835\uddee! No te pierdas esta experiencia llena de conocimientos profesionales.<\/p>\n\n\n\n<p>Si tienes alg\u00fan trabajo de investigaci\u00f3n, env\u00edalo al correo indicado y participa como PONENTE siguiendo los pasos que encontrar\u00e1s en el manual (link abajo) o escaneando el c\u00f3digo QR. <img decoding=\"async\" loading=\"lazy\" height=\"16\" width=\"16\" alt=\"\u2935\ufe0f\" src=\"https:\/\/static.xx.fbcdn.net\/images\/emoji.php\/v9\/t92\/1\/16\/2935.png\"><\/p>\n\n\n\n<p>\ud835\uddf0\ud835\uddee\ud835\uddfd\ud835\uddee\ud835\uddf0\ud835\uddf6\ud835\ude01\ud835\uddee\ud835\uddf0\ud835\uddf6\ud835\uddfc\ud835\uddfb@\ud835\uddf0\ud835\uddf1\ud835\uddff\ud835\ude05\ud835\ude03\ud835\uddf6\ud835\uddfd\ud835\ude02\ud835\uddfb\ud835\uddfc.\ud835\uddfc\ud835\uddff\ud835\uddf4.\ud835\uddfd\ud835\uddf2<\/p>\n\n\n\n<p><img decoding=\"async\" loading=\"lazy\" height=\"16\" width=\"16\" alt=\"\ud83d\uded1\" src=\"https:\/\/static.xx.fbcdn.net\/images\/emoji.php\/v9\/t9b\/1\/16\/1f6d1.png\">\ud835\udc0b\ud835\udc08\ud835\udc0d\ud835\udc0a <a><\/a>\ud835\udc03\ud835\udc04 \ud835\udc04\ud835\udc0d\ud835\udc13\ud835\udc11\ud835\udc04\ud835\udc06\ud835\udc00, \ud835\udc11\ud835\udc04\ud835\udc15\ud835\udc08\ud835\udc12\ud835\udc08\u00d3\ud835\udc0d \ud835\udc18 \ud835\udc04\ud835\udc17\ud835\udc0f\ud835\udc0e\ud835\udc12\ud835\udc08\ud835\udc02\ud835\udc08\u00d3\ud835\udc0d \ud835\udc03\ud835\udc04 \ud835\udc13\ud835\udc11\ud835\udc00\ud835\udc01\ud835\udc00\ud835\udc09\ud835\udc0e\ud835\udc12<img decoding=\"async\" loading=\"lazy\" height=\"16\" width=\"16\" alt=\"\ud83d\uded1\" src=\"https:\/\/static.xx.fbcdn.net\/images\/emoji.php\/v9\/t9b\/1\/16\/1f6d1.png\"><\/p>\n\n\n\n<figure class=\"wp-block-embed\"><div class=\"wp-block-embed__wrapper\">\nhttps:\/\/docs.google.com\/&#8230;\/1ENQiHawLcI2GelOTPK7j&#8230;\/edit&#8230;\n<\/div><\/figure>\n\n\n\n<p><img decoding=\"async\" loading=\"lazy\" height=\"16\" width=\"16\" alt=\"\ud83d\uded1\" src=\"https:\/\/static.xx.fbcdn.net\/images\/emoji.php\/v9\/t9b\/1\/16\/1f6d1.png\">\ud835\udc0b\ud835\udc08\ud835\udc0d\ud835\udc0a \ud835\udc03\ud835\udc04 \ud835\udc08\ud835\udc0d\ud835\udc12\ud835\udc02\ud835\udc11\ud835\udc08\ud835\udc0f\ud835\udc02\ud835\udc08\u00f3\ud835\udc0d \ud835\udc00\ud835\udc0b \ud835\udc02\ud835\udc0e\ud835\udc0d\ud835\udc06\ud835\udc11\ud835\udc04\ud835\udc12\ud835\udc0e<img decoding=\"async\" loading=\"lazy\" height=\"16\" width=\"16\" alt=\"\ud83d\uded1\" src=\"https:\/\/static.xx.fbcdn.net\/images\/emoji.php\/v9\/t9b\/1\/16\/1f6d1.png\"><\/p>\n\n\n\n<figure class=\"wp-block-embed\"><div class=\"wp-block-embed__wrapper\">\nhttps:\/\/forms.gle\/pdJwFYoUDu4H5R3i7\n<\/div><\/figure>\n","protected":false},"excerpt":{"rendered":"<p>\u00a1Asegura tu inscripci\u00f3n al \ud835\udfed\ud835\uddf2\ud835\uddff \ud835\uddd6\ud835\uddfc\ud835\uddfb\ud835\uddf4\ud835\uddff\ud835\uddf2\ud835\ude00\ud835\uddfc \ud835\udddc\ud835\uddfb\ud835\ude01\ud835\uddf2\ud835\uddff\ud835\uddfb\ud835\uddee\ud835\uddf0\ud835\uddf6\ud835\uddfc\ud835\uddfb\ud835\uddee\ud835\uddf9 \ud835\uddf1\ud835\uddf2 \ud835\udde3\ud835\ude00\ud835\uddf6\ud835\uddf0\ud835\uddfc\ud835\uddf9\ud835\uddfc\ud835\uddf4\u00ed\ud835\uddee \ud835\uddf1\ud835\uddf2 \ud835\uddf9\ud835\uddee \ud835\udde6\ud835\uddee\ud835\uddf9\ud835\ude02\ud835\uddf1 \ud835\ude06 \ud835\uddd6\ud835\uddfc\ud835\uddfa\ud835\ude02\ud835\uddfb\ud835\uddf6\ud835\ude01\ud835\uddee\ud835\uddff\ud835\uddf6\ud835\uddee! No te pierdas esta experiencia llena de conocimientos profesionales. Si tienes alg\u00fan trabajo de investigaci\u00f3n, env\u00edalo al correo indicado y participa como PONENTE siguiendo los pasos que encontrar\u00e1sDale que hay m\u00e1s &#8230;<\/p>\n","protected":false},"author":1,"featured_media":2049,"parent":0,"menu_order":0,"comment_status":"closed","ping_status":"closed","template":"","meta":{"footnotes":""},"_links":{"self":[{"href":"https:\/\/cdrxvipuno.org.pe\/index.php?rest_route=\/wp\/v2\/pages\/2051"}],"collection":[{"href":"https:\/\/cdrxvipuno.org.pe\/index.php?rest_route=\/wp\/v2\/pages"}],"about":[{"href":"https:\/\/cdrxvipuno.org.pe\/index.php?rest_route=\/wp\/v2\/types\/page"}],"author":[{"embeddable":true,"href":"https:\/\/cdrxvipuno.org.pe\/index.php?rest_route=\/wp\/v2\/users\/1"}],"replies":[{"embeddable":true,"href":"https:\/\/cdrxvipuno.org.pe\/index.php?rest_route=%2Fwp%2Fv2%2Fcomments&post=2051"}],"version-history":[{"count":1,"href":"https:\/\/cdrxvipuno.org.pe\/index.php?rest_route=\/wp\/v2\/pages\/2051\/revisions"}],"predecessor-version":[{"id":2052,"href":"https:\/\/cdrxvipuno.org.pe\/index.php?rest_route=\/wp\/v2\/pages\/2051\/revisions\/2052"}],"wp:featuredmedia":[{"embeddable":true,"href":"https:\/\/cdrxvipuno.org.pe\/index.php?rest_route=\/wp\/v2\/media\/2049"}],"wp:attachment":[{"href":"https:\/\/cdrxvipuno.org.pe\/index.php?rest_route=%2Fwp%2Fv2%2Fmedia&parent=2051"}],"curies":[{"name":"wp","href":"https:\/\/api.w.org\/{rel}","templated":true}]}}