{"id":1070,"date":"2021-12-26T15:17:58","date_gmt":"2021-12-26T20:17:58","guid":{"rendered":"https:\/\/cdrxvipuno.org.pe\/?page_id=1070"},"modified":"2026-03-25T18:03:21","modified_gmt":"2026-03-25T23:03:21","slug":"cronograma-de-colegiaturas","status":"publish","type":"page","link":"https:\/\/cdrxvipuno.org.pe\/?page_id=1070","title":{"rendered":"Cronograma"},"content":{"rendered":"\n<h2 class=\"wp-block-heading\">CRONOGRAMA DE COLEGIATURAS 2026<\/h2>\n\n\n\n<div class=\"wp-block-media-text is-stacked-on-mobile\" style=\"grid-template-columns:55% auto\"><figure class=\"wp-block-media-text__media\"><img decoding=\"async\" loading=\"lazy\" width=\"1024\" height=\"684\" src=\"https:\/\/cdrxvipuno.org.pe\/wp-content\/uploads\/2025\/01\/WhatsApp-Image-2025-01-10-at-5.04.32-PM-1024x684.jpeg\" alt=\"\" class=\"wp-image-2110 size-full\" srcset=\"https:\/\/cdrxvipuno.org.pe\/wp-content\/uploads\/2025\/01\/WhatsApp-Image-2025-01-10-at-5.04.32-PM-1024x684.jpeg 1024w, https:\/\/cdrxvipuno.org.pe\/wp-content\/uploads\/2025\/01\/WhatsApp-Image-2025-01-10-at-5.04.32-PM-300x200.jpeg 300w, https:\/\/cdrxvipuno.org.pe\/wp-content\/uploads\/2025\/01\/WhatsApp-Image-2025-01-10-at-5.04.32-PM-768x513.jpeg 768w, https:\/\/cdrxvipuno.org.pe\/wp-content\/uploads\/2025\/01\/WhatsApp-Image-2025-01-10-at-5.04.32-PM.jpeg 1333w\" sizes=\"(max-width: 1024px) 100vw, 1024px\" \/><\/figure><div class=\"wp-block-media-text__content\">\n<p><\/p>\n<\/div><\/div>\n\n\n\n<h2 class=\"wp-block-heading\">MARZO 2026<\/h2>\n\n\n\n<figure class=\"wp-block-table\"><table><tbody><tr><td class=\"has-text-align-left\" data-align=\"left\"><strong>Actividad<\/strong><\/td><td class=\"has-text-align-left\" data-align=\"left\"><strong>Fecha y Hora<\/strong><\/td><td class=\"has-text-align-left\" data-align=\"left\"><strong>Enviar al siguiente correo:<\/strong><\/td><\/tr><tr><td class=\"has-text-align-left\" data-align=\"left\">Recepci\u00f3n de documentos<\/td><td class=\"has-text-align-left\" data-align=\"left\">Hasta el 27 de marzo de 2026<\/td><td class=\"has-text-align-left\" data-align=\"left\">mesadepartes@cdrxvipuno.org.pe<\/td><\/tr><tr><td class=\"has-text-align-left\" data-align=\"left\">Ceremonia <\/td><td class=\"has-text-align-left\" data-align=\"left\">Por confirmar <\/td><td class=\"has-text-align-left\" data-align=\"left\">Presencial<\/td><\/tr><\/tbody><\/table><figcaption class=\"wp-element-caption\"><em>RECOMENDACI\u00d3N: Env\u00ede su expediente con anticipaci\u00f3n.<\/em><\/figcaption><\/figure>\n\n\n\n<h2 class=\"wp-block-heading\">FEBRERO 2026<\/h2>\n\n\n\n<figure class=\"wp-block-table\"><table><tbody><tr><td class=\"has-text-align-left\" data-align=\"left\"><strong>Actividad<\/strong><\/td><td class=\"has-text-align-left\" data-align=\"left\"><strong>Fecha y Hora<\/strong><\/td><td class=\"has-text-align-left\" data-align=\"left\"><strong>Enviar al siguiente correo:<\/strong><\/td><\/tr><tr><td class=\"has-text-align-left\" data-align=\"left\">Recepci\u00f3n de documentos<\/td><td class=\"has-text-align-left\" data-align=\"left\">Hasta el 26 de Febrero de 2026<\/td><td class=\"has-text-align-left\" data-align=\"left\">mesadepartes@cdrxvipuno.org.pe<\/td><\/tr><tr><td class=\"has-text-align-left\" data-align=\"left\">Ceremonia <\/td><td class=\"has-text-align-left\" data-align=\"left\">Por confirmar <\/td><td class=\"has-text-align-left\" data-align=\"left\">Presencial<\/td><\/tr><\/tbody><\/table><\/figure>\n","protected":false},"excerpt":{"rendered":"<p>CRONOGRAMA DE COLEGIATURAS 2026 MARZO 2026 Actividad Fecha y Hora Enviar al siguiente correo: Recepci\u00f3n de documentos Hasta el 27 de marzo de 2026 mesadepartes@cdrxvipuno.org.pe Ceremonia Por confirmar Presencial RECOMENDACI\u00d3N: Env\u00ede su expediente con anticipaci\u00f3n. FEBRERO 2026 Actividad Fecha y Hora EnviarDale que hay m\u00e1s &#8230;<\/p>\n","protected":false},"author":1,"featured_media":0,"parent":0,"menu_order":0,"comment_status":"closed","ping_status":"closed","template":"","meta":{"footnotes":""},"_links":{"self":[{"href":"https:\/\/cdrxvipuno.org.pe\/index.php?rest_route=\/wp\/v2\/pages\/1070"}],"collection":[{"href":"https:\/\/cdrxvipuno.org.pe\/index.php?rest_route=\/wp\/v2\/pages"}],"about":[{"href":"https:\/\/cdrxvipuno.org.pe\/index.php?rest_route=\/wp\/v2\/types\/page"}],"author":[{"embeddable":true,"href":"https:\/\/cdrxvipuno.org.pe\/index.php?rest_route=\/wp\/v2\/users\/1"}],"replies":[{"embeddable":true,"href":"https:\/\/cdrxvipuno.org.pe\/index.php?rest_route=%2Fwp%2Fv2%2Fcomments&post=1070"}],"version-history":[{"count":34,"href":"https:\/\/cdrxvipuno.org.pe\/index.php?rest_route=\/wp\/v2\/pages\/1070\/revisions"}],"predecessor-version":[{"id":2299,"href":"https:\/\/cdrxvipuno.org.pe\/index.php?rest_route=\/wp\/v2\/pages\/1070\/revisions\/2299"}],"wp:attachment":[{"href":"https:\/\/cdrxvipuno.org.pe\/index.php?rest_route=%2Fwp%2Fv2%2Fmedia&parent=1070"}],"curies":[{"name":"wp","href":"https:\/\/api.w.org\/{rel}","templated":true}]}}